{"id":94,"date":"2023-05-29T12:20:07","date_gmt":"2023-05-29T12:20:07","guid":{"rendered":"https:\/\/www.ferienwohnung-wilsnack.de\/?page_id=94"},"modified":"2023-05-29T12:21:26","modified_gmt":"2023-05-29T12:21:26","slug":"natur-erleben","status":"publish","type":"page","link":"https:\/\/ferienwohnung-bad-wilsnack.de\/index.php\/natur-erleben\/","title":{"rendered":"Natur erleben"},"content":{"rendered":"\t\t<div data-elementor-type=\"wp-page\" data-elementor-id=\"94\" class=\"elementor elementor-94\">\n\t\t\t\t\t\t<section class=\"elementor-section elementor-top-section elementor-element elementor-element-2b39118 elementor-section-boxed elementor-section-height-default elementor-section-height-default\" data-id=\"2b39118\" data-element_type=\"section\" data-e-type=\"section\">\n\t\t\t\t\t\t<div class=\"elementor-container elementor-column-gap-default\">\n\t\t\t\t\t<div class=\"elementor-column elementor-col-100 elementor-top-column elementor-element elementor-element-f3f84e7\" data-id=\"f3f84e7\" data-element_type=\"column\" data-e-type=\"column\">\n\t\t\t<div class=\"elementor-widget-wrap elementor-element-populated\">\n\t\t\t\t\t\t<div class=\"elementor-element elementor-element-0d26614 elementor-widget elementor-widget-heading\" data-id=\"0d26614\" data-element_type=\"widget\" data-e-type=\"widget\" data-widget_type=\"heading.default\">\n\t\t\t\t<div class=\"elementor-widget-container\">\n\t\t\t\t\t<h2 class=\"elementor-heading-title elementor-size-default\">Die frische Luft genie\u00dfen...<\/h2>\t\t\t\t<\/div>\n\t\t\t\t<\/div>\n\t\t\t\t\t<\/div>\n\t\t<\/div>\n\t\t\t\t\t<\/div>\n\t\t<\/section>\n\t\t\t\t<section class=\"elementor-section elementor-top-section elementor-element elementor-element-4f64e8a elementor-section-boxed elementor-section-height-default elementor-section-height-default\" data-id=\"4f64e8a\" data-element_type=\"section\" data-e-type=\"section\">\n\t\t\t\t\t\t<div class=\"elementor-container elementor-column-gap-default\">\n\t\t\t\t\t<div class=\"elementor-column elementor-col-100 elementor-top-column elementor-element elementor-element-d5a7cf2\" data-id=\"d5a7cf2\" data-element_type=\"column\" data-e-type=\"column\">\n\t\t\t<div class=\"elementor-widget-wrap elementor-element-populated\">\n\t\t\t\t\t\t<div class=\"elementor-element elementor-element-2912307 elementor-widget elementor-widget-text-editor\" data-id=\"2912307\" data-element_type=\"widget\" data-e-type=\"widget\" data-widget_type=\"text-editor.default\">\n\t\t\t\t<div class=\"elementor-widget-container\">\n\t\t\t\t\t\t\t\t\t<p>Entdecken Sie die die Natur rund um Bad Wilsnack zu Fuss bei einem Spaziergang oder mit den bereitsstehenden R\u00e4dern auf den vielen Radwanderwegen. Sie k\u00f6nnen mit dem Rad sogar bis zur Plattenburg fahren. 4 Fahrr\u00e4der stehen kostenlos zur umsichtigen Verf\u00fcgung.<\/p><p>weitere Frischluft-Unternehmungen bieten sich an:<\/p><p>Storchendorf R\u00fchst\u00e4dt &#8211; ca 9 km<br \/><a href=\"http:\/\/www.storchenclub.de\">www.storchenclub.de<\/a><\/p><p>Tierpark Perleberg &#8211; ganzj\u00e4hrig ge\u00f6ffnet &#8211; ca 20 km<br \/>Wilsnacker Chaussee 1, 19348 Perleberg<br \/><a href=\"http:\/\/www.tierpark-perleberg.de\">www.tierpark-perleberg.de<\/a><\/p><p>Elefantenhof Platschow &#8211; ca 40 km<br \/>Am Dorfplatz 2, 19372 Platschow<br \/>Tel.: 038785 90059<br \/><a href=\"http:\/\/www.elefantenhof-platschow.de\">www.elefantenhof-platschow.de<\/a><\/p><p>Heidelbeerhof Quirling &#8211; ca 36 km<br \/>an der Landstra\u00dfe 10 zwischen Berge und Bresch<br \/>Tel.: 038785 60228<br \/><a href=\"http:\/\/www.hof-quirling.de\">www.hof-quirling.de<\/a><\/p>\t\t\t\t\t\t\t\t<\/div>\n\t\t\t\t<\/div>\n\t\t\t\t\t<\/div>\n\t\t<\/div>\n\t\t\t\t\t<\/div>\n\t\t<\/section>\n\t\t\t\t<\/div>\n\t\t","protected":false},"excerpt":{"rendered":"<p>Die frische Luft genie\u00dfen&#8230; Entdecken Sie die die Natur rund um Bad Wilsnack zu Fuss bei einem Spaziergang oder mit den bereitsstehenden R\u00e4dern auf den vielen Radwanderwegen. Sie k\u00f6nnen mit dem Rad sogar bis zur Plattenburg fahren. 4 Fahrr\u00e4der stehen kostenlos zur umsichtigen Verf\u00fcgung. weitere Frischluft-Unternehmungen bieten sich an: Storchendorf R\u00fchst\u00e4dt &#8211; ca 9 kmwww.storchenclub.de&#8230;<\/p>\n","protected":false},"author":1,"featured_media":0,"parent":0,"menu_order":0,"comment_status":"closed","ping_status":"closed","template":"","meta":{"_acf_changed":false,"_kad_post_transparent":"","_kad_post_title":"hide","_kad_post_layout":"fullwidth","_kad_post_sidebar_id":"","_kad_post_content_style":"unboxed","_kad_post_vertical_padding":"hide","_kad_post_feature":"hide","_kad_post_feature_position":"","_kad_post_header":false,"_kad_post_footer":false,"footnotes":""},"class_list":["post-94","page","type-page","status-publish","hentry"],"acf":[],"yoast_head":"<!-- This site is optimized with the Yoast SEO plugin v27.5 - https:\/\/yoast.com\/product\/yoast-seo-wordpress\/ -->\n<title>Natur erleben - Ferienwohnung<\/title>\n<meta name=\"robots\" content=\"index, follow, max-snippet:-1, max-image-preview:large, max-video-preview:-1\" \/>\n<link rel=\"canonical\" href=\"https:\/\/ferienwohnung-bad-wilsnack.de\/index.php\/natur-erleben\/\" \/>\n<meta property=\"og:locale\" content=\"de_DE\" \/>\n<meta property=\"og:type\" content=\"article\" \/>\n<meta property=\"og:title\" content=\"Natur erleben - Ferienwohnung\" \/>\n<meta property=\"og:description\" content=\"Die frische Luft genie\u00dfen&#8230; Entdecken Sie die die Natur rund um Bad Wilsnack zu Fuss bei einem Spaziergang oder mit den bereitsstehenden R\u00e4dern auf den vielen Radwanderwegen. Sie k\u00f6nnen mit dem Rad sogar bis zur Plattenburg fahren. 4 Fahrr\u00e4der stehen kostenlos zur umsichtigen Verf\u00fcgung. weitere Frischluft-Unternehmungen bieten sich an: Storchendorf R\u00fchst\u00e4dt &#8211; ca 9 kmwww.storchenclub.de...\" \/>\n<meta property=\"og:url\" content=\"https:\/\/ferienwohnung-bad-wilsnack.de\/index.php\/natur-erleben\/\" \/>\n<meta property=\"og:site_name\" content=\"Ferienwohnung\" \/>\n<meta property=\"article:modified_time\" content=\"2023-05-29T12:21:26+00:00\" \/>\n<meta name=\"twitter:card\" content=\"summary_large_image\" \/>\n<meta name=\"twitter:label1\" content=\"Gesch\u00e4tzte Lesezeit\" \/>\n\t<meta name=\"twitter:data1\" content=\"1\u00a0Minute\" \/>\n<script type=\"application\/ld+json\" class=\"yoast-schema-graph\">{\"@context\":\"https:\\\/\\\/schema.org\",\"@graph\":[{\"@type\":\"WebPage\",\"@id\":\"https:\\\/\\\/ferienwohnung-bad-wilsnack.de\\\/index.php\\\/natur-erleben\\\/\",\"url\":\"https:\\\/\\\/ferienwohnung-bad-wilsnack.de\\\/index.php\\\/natur-erleben\\\/\",\"name\":\"Natur erleben - Ferienwohnung\",\"isPartOf\":{\"@id\":\"https:\\\/\\\/ferienwohnung-bad-wilsnack.de\\\/#website\"},\"datePublished\":\"2023-05-29T12:20:07+00:00\",\"dateModified\":\"2023-05-29T12:21:26+00:00\",\"breadcrumb\":{\"@id\":\"https:\\\/\\\/ferienwohnung-bad-wilsnack.de\\\/index.php\\\/natur-erleben\\\/#breadcrumb\"},\"inLanguage\":\"de\",\"potentialAction\":[{\"@type\":\"ReadAction\",\"target\":[\"https:\\\/\\\/ferienwohnung-bad-wilsnack.de\\\/index.php\\\/natur-erleben\\\/\"]}]},{\"@type\":\"BreadcrumbList\",\"@id\":\"https:\\\/\\\/ferienwohnung-bad-wilsnack.de\\\/index.php\\\/natur-erleben\\\/#breadcrumb\",\"itemListElement\":[{\"@type\":\"ListItem\",\"position\":1,\"name\":\"Startseite\",\"item\":\"https:\\\/\\\/ferienwohnung-bad-wilsnack.de\\\/\"},{\"@type\":\"ListItem\",\"position\":2,\"name\":\"Natur erleben\"}]},{\"@type\":\"WebSite\",\"@id\":\"https:\\\/\\\/ferienwohnung-bad-wilsnack.de\\\/#website\",\"url\":\"https:\\\/\\\/ferienwohnung-bad-wilsnack.de\\\/\",\"name\":\"Ferienwohnung\",\"description\":\"\",\"publisher\":{\"@id\":\"https:\\\/\\\/ferienwohnung-bad-wilsnack.de\\\/#organization\"},\"potentialAction\":[{\"@type\":\"SearchAction\",\"target\":{\"@type\":\"EntryPoint\",\"urlTemplate\":\"https:\\\/\\\/ferienwohnung-bad-wilsnack.de\\\/?s={search_term_string}\"},\"query-input\":{\"@type\":\"PropertyValueSpecification\",\"valueRequired\":true,\"valueName\":\"search_term_string\"}}],\"inLanguage\":\"de\"},{\"@type\":\"Organization\",\"@id\":\"https:\\\/\\\/ferienwohnung-bad-wilsnack.de\\\/#organization\",\"name\":\"Ferienwohnung\",\"url\":\"https:\\\/\\\/ferienwohnung-bad-wilsnack.de\\\/\",\"logo\":{\"@type\":\"ImageObject\",\"inLanguage\":\"de\",\"@id\":\"https:\\\/\\\/ferienwohnung-bad-wilsnack.de\\\/#\\\/schema\\\/logo\\\/image\\\/\",\"url\":\"https:\\\/\\\/ferienwohnung-bad-wilsnack.de\\\/wp-content\\\/uploads\\\/2023\\\/05\\\/cropped-Haus-vorn-bearb.-3-Storch-scaled-1.jpg\",\"contentUrl\":\"https:\\\/\\\/ferienwohnung-bad-wilsnack.de\\\/wp-content\\\/uploads\\\/2023\\\/05\\\/cropped-Haus-vorn-bearb.-3-Storch-scaled-1.jpg\",\"width\":2232,\"height\":1707,\"caption\":\"Ferienwohnung\"},\"image\":{\"@id\":\"https:\\\/\\\/ferienwohnung-bad-wilsnack.de\\\/#\\\/schema\\\/logo\\\/image\\\/\"}}]}<\/script>\n<!-- \/ Yoast SEO plugin. -->","yoast_head_json":{"title":"Natur erleben - Ferienwohnung","robots":{"index":"index","follow":"follow","max-snippet":"max-snippet:-1","max-image-preview":"max-image-preview:large","max-video-preview":"max-video-preview:-1"},"canonical":"https:\/\/ferienwohnung-bad-wilsnack.de\/index.php\/natur-erleben\/","og_locale":"de_DE","og_type":"article","og_title":"Natur erleben - Ferienwohnung","og_description":"Die frische Luft genie\u00dfen&#8230; Entdecken Sie die die Natur rund um Bad Wilsnack zu Fuss bei einem Spaziergang oder mit den bereitsstehenden R\u00e4dern auf den vielen Radwanderwegen. Sie k\u00f6nnen mit dem Rad sogar bis zur Plattenburg fahren. 4 Fahrr\u00e4der stehen kostenlos zur umsichtigen Verf\u00fcgung. weitere Frischluft-Unternehmungen bieten sich an: Storchendorf R\u00fchst\u00e4dt &#8211; ca 9 kmwww.storchenclub.de...","og_url":"https:\/\/ferienwohnung-bad-wilsnack.de\/index.php\/natur-erleben\/","og_site_name":"Ferienwohnung","article_modified_time":"2023-05-29T12:21:26+00:00","twitter_card":"summary_large_image","twitter_misc":{"Gesch\u00e4tzte Lesezeit":"1\u00a0Minute"},"schema":{"@context":"https:\/\/schema.org","@graph":[{"@type":"WebPage","@id":"https:\/\/ferienwohnung-bad-wilsnack.de\/index.php\/natur-erleben\/","url":"https:\/\/ferienwohnung-bad-wilsnack.de\/index.php\/natur-erleben\/","name":"Natur erleben - Ferienwohnung","isPartOf":{"@id":"https:\/\/ferienwohnung-bad-wilsnack.de\/#website"},"datePublished":"2023-05-29T12:20:07+00:00","dateModified":"2023-05-29T12:21:26+00:00","breadcrumb":{"@id":"https:\/\/ferienwohnung-bad-wilsnack.de\/index.php\/natur-erleben\/#breadcrumb"},"inLanguage":"de","potentialAction":[{"@type":"ReadAction","target":["https:\/\/ferienwohnung-bad-wilsnack.de\/index.php\/natur-erleben\/"]}]},{"@type":"BreadcrumbList","@id":"https:\/\/ferienwohnung-bad-wilsnack.de\/index.php\/natur-erleben\/#breadcrumb","itemListElement":[{"@type":"ListItem","position":1,"name":"Startseite","item":"https:\/\/ferienwohnung-bad-wilsnack.de\/"},{"@type":"ListItem","position":2,"name":"Natur erleben"}]},{"@type":"WebSite","@id":"https:\/\/ferienwohnung-bad-wilsnack.de\/#website","url":"https:\/\/ferienwohnung-bad-wilsnack.de\/","name":"Ferienwohnung","description":"","publisher":{"@id":"https:\/\/ferienwohnung-bad-wilsnack.de\/#organization"},"potentialAction":[{"@type":"SearchAction","target":{"@type":"EntryPoint","urlTemplate":"https:\/\/ferienwohnung-bad-wilsnack.de\/?s={search_term_string}"},"query-input":{"@type":"PropertyValueSpecification","valueRequired":true,"valueName":"search_term_string"}}],"inLanguage":"de"},{"@type":"Organization","@id":"https:\/\/ferienwohnung-bad-wilsnack.de\/#organization","name":"Ferienwohnung","url":"https:\/\/ferienwohnung-bad-wilsnack.de\/","logo":{"@type":"ImageObject","inLanguage":"de","@id":"https:\/\/ferienwohnung-bad-wilsnack.de\/#\/schema\/logo\/image\/","url":"https:\/\/ferienwohnung-bad-wilsnack.de\/wp-content\/uploads\/2023\/05\/cropped-Haus-vorn-bearb.-3-Storch-scaled-1.jpg","contentUrl":"https:\/\/ferienwohnung-bad-wilsnack.de\/wp-content\/uploads\/2023\/05\/cropped-Haus-vorn-bearb.-3-Storch-scaled-1.jpg","width":2232,"height":1707,"caption":"Ferienwohnung"},"image":{"@id":"https:\/\/ferienwohnung-bad-wilsnack.de\/#\/schema\/logo\/image\/"}}]}},"_links":{"self":[{"href":"https:\/\/ferienwohnung-bad-wilsnack.de\/index.php\/wp-json\/wp\/v2\/pages\/94","targetHints":{"allow":["GET"]}}],"collection":[{"href":"https:\/\/ferienwohnung-bad-wilsnack.de\/index.php\/wp-json\/wp\/v2\/pages"}],"about":[{"href":"https:\/\/ferienwohnung-bad-wilsnack.de\/index.php\/wp-json\/wp\/v2\/types\/page"}],"author":[{"embeddable":true,"href":"https:\/\/ferienwohnung-bad-wilsnack.de\/index.php\/wp-json\/wp\/v2\/users\/1"}],"replies":[{"embeddable":true,"href":"https:\/\/ferienwohnung-bad-wilsnack.de\/index.php\/wp-json\/wp\/v2\/comments?post=94"}],"version-history":[{"count":4,"href":"https:\/\/ferienwohnung-bad-wilsnack.de\/index.php\/wp-json\/wp\/v2\/pages\/94\/revisions"}],"predecessor-version":[{"id":98,"href":"https:\/\/ferienwohnung-bad-wilsnack.de\/index.php\/wp-json\/wp\/v2\/pages\/94\/revisions\/98"}],"wp:attachment":[{"href":"https:\/\/ferienwohnung-bad-wilsnack.de\/index.php\/wp-json\/wp\/v2\/media?parent=94"}],"curies":[{"name":"wp","href":"https:\/\/api.w.org\/{rel}","templated":true}]}}